{"id":4005,"date":"2024-09-16T20:20:38","date_gmt":"2024-09-16T20:20:38","guid":{"rendered":"https:\/\/rutapanamaeste-asp-prd001.azurewebsites.net\/?page_id=4005"},"modified":"2025-09-17T16:31:06","modified_gmt":"2025-09-17T16:31:06","slug":"prensa","status":"publish","type":"page","link":"https:\/\/rutapanamaeste-asp-prd001.azurewebsites.net\/en\/prensa\/","title":{"rendered":"Press"},"content":{"rendered":"<div data-elementor-type=\"wp-page\" data-elementor-id=\"4005\" class=\"elementor elementor-4005\" data-elementor-post-type=\"page\">\n\t\t\t\t<div class=\"elementor-element elementor-element-65ed6de e-con-full e-flex e-con e-parent\" data-id=\"65ed6de\" data-element_type=\"container\">\n\t\t\t\t<div class=\"elementor-element elementor-element-e756c30 elementor-widget__width-initial elementor-widget elementor-widget-heading\" data-id=\"e756c30\" data-element_type=\"widget\" data-widget_type=\"heading.default\">\n\t\t\t\t<div class=\"elementor-widget-container\">\n\t\t\t<h2 class=\"elementor-heading-title elementor-size-default\">Press<\/h2>\t\t<\/div>\n\t\t\t\t<\/div>\n\t\t\t\t<div class=\"elementor-element elementor-element-c8e3c49 elementor-widget elementor-widget-image\" data-id=\"c8e3c49\" data-element_type=\"widget\" data-widget_type=\"image.default\">\n\t\t\t\t<div class=\"elementor-widget-container\">\n\t\t\t\t\t\t\t\t\t\t\t\t\t<img decoding=\"async\" src=\"https:\/\/rutapanamaeste-asp-prd001.azurewebsites.net\/wp-content\/uploads\/2024\/09\/imageen-prensaa@2x.png\" title=\"\" alt=\"\" loading=\"lazy\" \/>\t\t\t\t\t\t\t\t\t\t\t\t\t<\/div>\n\t\t\t\t<\/div>\n\t\t\t\t<\/div>\n\t\t<div class=\"elementor-element elementor-element-88e1fad e-flex e-con-boxed e-con e-parent\" data-id=\"88e1fad\" data-element_type=\"container\">\n\t\t\t\t\t<div class=\"e-con-inner\">\n\t\t\t\t<div class=\"elementor-element elementor-element-c026352 elementor-widget elementor-widget-heading\" data-id=\"c026352\" data-element_type=\"widget\" data-widget_type=\"heading.default\">\n\t\t\t\t<div class=\"elementor-widget-container\">\n\t\t\t<h2 class=\"elementor-heading-title elementor-size-default\">We have a lot to tell you<\/h2>\t\t<\/div>\n\t\t\t\t<\/div>\n\t\t\t\t\t<\/div>\n\t\t\t\t<\/div>\n\t\t<div class=\"elementor-element elementor-element-ed90f57 elementor-hidden-mobile e-flex e-con-boxed e-con e-parent\" data-id=\"ed90f57\" data-element_type=\"container\">\n\t\t\t\t\t<div class=\"e-con-inner\">\n\t\t\t\t<div class=\"elementor-element elementor-element-5bd5320 elementor-grid-2 elementor-posts--thumbnail-left elementor-grid-tablet-2 elementor-grid-mobile-1 elementor-widget elementor-widget-posts\" data-id=\"5bd5320\" data-element_type=\"widget\" data-settings=\"{&quot;classic_columns&quot;:&quot;2&quot;,&quot;pagination_type&quot;:&quot;prev_next&quot;,&quot;classic_columns_tablet&quot;:&quot;2&quot;,&quot;classic_columns_mobile&quot;:&quot;1&quot;,&quot;classic_row_gap&quot;:{&quot;unit&quot;:&quot;px&quot;,&quot;size&quot;:35,&quot;sizes&quot;:[]},&quot;classic_row_gap_tablet&quot;:{&quot;unit&quot;:&quot;px&quot;,&quot;size&quot;:&quot;&quot;,&quot;sizes&quot;:[]},&quot;classic_row_gap_mobile&quot;:{&quot;unit&quot;:&quot;px&quot;,&quot;size&quot;:&quot;&quot;,&quot;sizes&quot;:[]}}\" data-widget_type=\"posts.classic\">\n\t\t\t\t<div class=\"elementor-widget-container\">\n\t\t\t\t\t<div class=\"elementor-posts-container elementor-posts elementor-posts--skin-classic elementor-grid\">\n\t\t\t\t<article class=\"elementor-post elementor-grid-item post-4730 post type-post status-publish format-standard has-post-thumbnail hentry category-noticia\">\n\t\t\t\t<a class=\"elementor-post__thumbnail__link\" href=\"https:\/\/rutapanamaeste-asp-prd001.azurewebsites.net\/en\/panama-acredita-el-cierre-financiero\/\" tabindex=\"-1\" >\n\t\t\t<div class=\"elementor-post__thumbnail\"><img fetchpriority=\"high\" decoding=\"async\" width=\"300\" height=\"181\" src=\"\/wp-content\/uploads\/2026\/02\/img-hero-300x181.png\" class=\"attachment-medium size-medium wp-image-4732\" alt=\"\" srcset=\"\/wp-content\/uploads\/2026\/02\/img-hero-300x181.png 300w, \/wp-content\/uploads\/2026\/02\/img-hero-1024x619.png 1024w, \/wp-content\/uploads\/2026\/02\/img-hero-768x464.png 768w, \/wp-content\/uploads\/2026\/02\/img-hero-18x12.png 18w, \/wp-content\/uploads\/2026\/02\/img-hero.png 1224w\" sizes=\"(max-width: 300px) 100vw, 300px\" \/><\/div>\n\t\t<\/a>\n\t\t\t\t<div class=\"elementor-post__text\">\n\t\t\t\t<h3 class=\"elementor-post__title\">\n\t\t\t<a href=\"https:\/\/rutapanamaeste-asp-prd001.azurewebsites.net\/en\/panama-acredita-el-cierre-financiero\/\" >\n\t\t\t\tPanama acredita el cierre financiero\t\t\t<\/a>\n\t\t<\/h3>\n\t\t\t\t<div class=\"elementor-post__meta-data\">\n\t\t\t\t\t<span class=\"elementor-post-date\">\n\t\t\t7 de January, 2026\t\t<\/span>\n\t\t\t\t<\/div>\n\t\t\t\t<div class=\"elementor-post__excerpt\">\n\t\t\t<p>Panam\u00e1, 7 de enero de 2026. Panam\u00e1 da un paso decisivo en su agenda de desarrollo pa\u00eds con la aprobaci\u00f3n del cierre financiero del Proyecto<\/p>\n\t\t<\/div>\n\t\t\n\t\t<a class=\"elementor-post__read-more\" href=\"https:\/\/rutapanamaeste-asp-prd001.azurewebsites.net\/en\/panama-acredita-el-cierre-financiero\/\" aria-label=\"Read more about Panama acredita el cierre financiero\" tabindex=\"-1\" >\n\t\t\tSee More\t\t<\/a>\n\n\t\t\t\t<\/div>\n\t\t\t\t<\/article>\n\t\t\t\t<article class=\"elementor-post elementor-grid-item post-4611 post type-post status-publish format-standard has-post-thumbnail hentry category-noticia\">\n\t\t\t\t<a class=\"elementor-post__thumbnail__link\" href=\"https:\/\/rutapanamaeste-asp-prd001.azurewebsites.net\/en\/ruta-del-este-inicia-la-construccion-del-primer-proyecto-de-asociacion-publico-privada-en-infraestructura-vial-de-panama\/\" tabindex=\"-1\" >\n\t\t\t<div class=\"elementor-post__thumbnail\"><img decoding=\"async\" width=\"300\" height=\"225\" src=\"\/wp-content\/uploads\/2025\/09\/ISA-MOP-220-300x225.jpg\" class=\"attachment-medium size-medium wp-image-4646\" alt=\"\" srcset=\"\/wp-content\/uploads\/2025\/09\/ISA-MOP-220-300x225.jpg 300w, \/wp-content\/uploads\/2025\/09\/ISA-MOP-220-1024x769.jpg 1024w, \/wp-content\/uploads\/2025\/09\/ISA-MOP-220-768x576.jpg 768w, \/wp-content\/uploads\/2025\/09\/ISA-MOP-220-1536x1153.jpg 1536w, \/wp-content\/uploads\/2025\/09\/ISA-MOP-220-2048x1537.jpg 2048w, \/wp-content\/uploads\/2025\/09\/ISA-MOP-220-16x12.jpg 16w\" sizes=\"(max-width: 300px) 100vw, 300px\" \/><\/div>\n\t\t<\/a>\n\t\t\t\t<div class=\"elementor-post__text\">\n\t\t\t\t<h3 class=\"elementor-post__title\">\n\t\t\t<a href=\"https:\/\/rutapanamaeste-asp-prd001.azurewebsites.net\/en\/ruta-del-este-inicia-la-construccion-del-primer-proyecto-de-asociacion-publico-privada-en-infraestructura-vial-de-panama\/\" >\n\t\t\t\tRuta del Este inicia la construcci\u00f3n del primer proyecto de Asociaci\u00f3n P\u00fablico-Privada en infraestructura vial de Panam\u00e1\t\t\t<\/a>\n\t\t<\/h3>\n\t\t\t\t<div class=\"elementor-post__meta-data\">\n\t\t\t\t\t<span class=\"elementor-post-date\">\n\t\t\t26 de June, 2025\t\t<\/span>\n\t\t\t\t<\/div>\n\t\t\t\t<div class=\"elementor-post__excerpt\">\n\t\t\t<p>26 de junio de 2025. ISA V\u00cdAS, a trav\u00e9s de su filial Ruta del Este y en alianza con el Gobierno de Panam\u00e1&#8230;<\/p>\n\t\t<\/div>\n\t\t\n\t\t<a class=\"elementor-post__read-more\" href=\"https:\/\/rutapanamaeste-asp-prd001.azurewebsites.net\/en\/ruta-del-este-inicia-la-construccion-del-primer-proyecto-de-asociacion-publico-privada-en-infraestructura-vial-de-panama\/\" aria-label=\"Read more about Ruta del Este inicia la construcci\u00f3n del primer proyecto de Asociaci\u00f3n P\u00fablico-Privada en infraestructura vial de Panam\u00e1\" tabindex=\"-1\" >\n\t\t\tSee More\t\t<\/a>\n\n\t\t\t\t<\/div>\n\t\t\t\t<\/article>\n\t\t\t\t<article class=\"elementor-post elementor-grid-item post-4560 post type-post status-publish format-standard has-post-thumbnail hentry category-noticia\">\n\t\t\t\t<a class=\"elementor-post__thumbnail__link\" href=\"https:\/\/rutapanamaeste-asp-prd001.azurewebsites.net\/en\/informacion-a-la-opinion-publica\/\" tabindex=\"-1\" >\n\t\t\t<div class=\"elementor-post__thumbnail\"><img decoding=\"async\" width=\"225\" height=\"300\" src=\"\/wp-content\/uploads\/2025\/05\/PHOTO-2025-05-16-17-11-01100-225x300.jpg\" class=\"attachment-medium size-medium wp-image-4576\" alt=\"\" srcset=\"\/wp-content\/uploads\/2025\/05\/PHOTO-2025-05-16-17-11-01100-225x300.jpg 225w, \/wp-content\/uploads\/2025\/05\/PHOTO-2025-05-16-17-11-01100-768x1024.jpg 768w, \/wp-content\/uploads\/2025\/05\/PHOTO-2025-05-16-17-11-01100-1152x1536.jpg 1152w, \/wp-content\/uploads\/2025\/05\/PHOTO-2025-05-16-17-11-01100-1536x2048.jpg 1536w, \/wp-content\/uploads\/2025\/05\/PHOTO-2025-05-16-17-11-01100-9x12.jpg 9w, \/wp-content\/uploads\/2025\/05\/PHOTO-2025-05-16-17-11-01100-scaled.jpg 1920w\" sizes=\"(max-width: 225px) 100vw, 225px\" \/><\/div>\n\t\t<\/a>\n\t\t\t\t<div class=\"elementor-post__text\">\n\t\t\t\t<h3 class=\"elementor-post__title\">\n\t\t\t<a href=\"https:\/\/rutapanamaeste-asp-prd001.azurewebsites.net\/en\/informacion-a-la-opinion-publica\/\" >\n\t\t\t\tINFORMACI\u00d3N A LA OPINI\u00d3N P\u00daBLICA\t\t\t<\/a>\n\t\t<\/h3>\n\t\t\t\t<div class=\"elementor-post__meta-data\">\n\t\t\t\t\t<span class=\"elementor-post-date\">\n\t\t\t23 de May, 2025\t\t<\/span>\n\t\t\t\t<\/div>\n\t\t\t\t<div class=\"elementor-post__excerpt\">\n\t\t\t<p>Ruta del Este, PPP contractor in charge of the Eastern Pan-American Highway, together with the Ministry of Public Works report\u2026<\/p>\n\t\t<\/div>\n\t\t\n\t\t<a class=\"elementor-post__read-more\" href=\"https:\/\/rutapanamaeste-asp-prd001.azurewebsites.net\/en\/informacion-a-la-opinion-publica\/\" aria-label=\"Read more about INFORMACI\u00d3N A LA OPINI\u00d3N P\u00daBLICA\" tabindex=\"-1\" >\n\t\t\tSee More\t\t<\/a>\n\n\t\t\t\t<\/div>\n\t\t\t\t<\/article>\n\t\t\t\t<article class=\"elementor-post elementor-grid-item post-4027 post type-post status-publish format-standard has-post-thumbnail hentry category-noticia\">\n\t\t\t\t<a class=\"elementor-post__thumbnail__link\" href=\"https:\/\/rutapanamaeste-asp-prd001.azurewebsites.net\/en\/sobre-intervenciones-en-la-via-entre-las-comunidades-de-canitas-de-chepo-en-la-provincia-de-panama-y-agua-fria-n-1-en-la-provincia-de-darien\/\" tabindex=\"-1\" >\n\t\t\t<div class=\"elementor-post__thumbnail\"><img loading=\"lazy\" decoding=\"async\" width=\"300\" height=\"177\" src=\"\/wp-content\/uploads\/2024\/07\/img-asistencia-accidente-300x177.png\" class=\"attachment-medium size-medium wp-image-4125\" alt=\"\" srcset=\"\/wp-content\/uploads\/2024\/07\/img-asistencia-accidente-300x177.png 300w, \/wp-content\/uploads\/2024\/07\/img-asistencia-accidente-1024x606.png 1024w, \/wp-content\/uploads\/2024\/07\/img-asistencia-accidente-768x454.png 768w, \/wp-content\/uploads\/2024\/07\/img-asistencia-accidente-18x12.png 18w, \/wp-content\/uploads\/2024\/07\/img-asistencia-accidente.png 1280w\" sizes=\"(max-width: 300px) 100vw, 300px\" \/><\/div>\n\t\t<\/a>\n\t\t\t\t<div class=\"elementor-post__text\">\n\t\t\t\t<h3 class=\"elementor-post__title\">\n\t\t\t<a href=\"https:\/\/rutapanamaeste-asp-prd001.azurewebsites.net\/en\/sobre-intervenciones-en-la-via-entre-las-comunidades-de-canitas-de-chepo-en-la-provincia-de-panama-y-agua-fria-n-1-en-la-provincia-de-darien\/\" >\n\t\t\t\tRegarding interventions on the road, between the communities of Ca\u00f1itas de Chepo in the province of Panama and Agua Fr\u00eda N\u00b01 in the province of Dari\u00e9n\t\t\t<\/a>\n\t\t<\/h3>\n\t\t\t\t<div class=\"elementor-post__meta-data\">\n\t\t\t\t\t<span class=\"elementor-post-date\">\n\t\t\t25 de July, 2024\t\t<\/span>\n\t\t\t\t<\/div>\n\t\t\t\t<div class=\"elementor-post__excerpt\">\n\t\t\t<p>Ruta del Este, PPP contractor in charge of the Eastern Pan-American Highway, together with the Ministry of Public Works report\u2026<\/p>\n\t\t<\/div>\n\t\t\n\t\t<a class=\"elementor-post__read-more\" href=\"https:\/\/rutapanamaeste-asp-prd001.azurewebsites.net\/en\/sobre-intervenciones-en-la-via-entre-las-comunidades-de-canitas-de-chepo-en-la-provincia-de-panama-y-agua-fria-n-1-en-la-provincia-de-darien\/\" aria-label=\"Read more about Sobre intervenciones en la v\u00eda, entre las comunidades de Ca\u00f1itas de Chepo en la provincia de Panam\u00e1 y Agua Fr\u00eda N\u00b01 en la provincia de Dari\u00e9n\" tabindex=\"-1\" >\n\t\t\tSee More\t\t<\/a>\n\n\t\t\t\t<\/div>\n\t\t\t\t<\/article>\n\t\t\t\t<\/div>\n\t\t\n\t\t\t\t<\/div>\n\t\t\t\t<\/div>\n\t\t\t\t\t<\/div>\n\t\t\t\t<\/div>\n\t\t<div class=\"elementor-element elementor-element-dc38755 elementor-hidden-desktop elementor-hidden-tablet e-flex e-con-boxed e-con e-parent\" data-id=\"dc38755\" data-element_type=\"container\">\n\t\t\t\t\t<div class=\"e-con-inner\">\n\t\t\t\t<div class=\"elementor-element elementor-element-7c8b45d elementor-grid-2 elementor-grid-tablet-2 elementor-grid-mobile-1 elementor-posts--thumbnail-top elementor-widget elementor-widget-posts\" data-id=\"7c8b45d\" data-element_type=\"widget\" data-settings=\"{&quot;classic_columns&quot;:&quot;2&quot;,&quot;pagination_type&quot;:&quot;prev_next&quot;,&quot;classic_columns_tablet&quot;:&quot;2&quot;,&quot;classic_columns_mobile&quot;:&quot;1&quot;,&quot;classic_row_gap&quot;:{&quot;unit&quot;:&quot;px&quot;,&quot;size&quot;:35,&quot;sizes&quot;:[]},&quot;classic_row_gap_tablet&quot;:{&quot;unit&quot;:&quot;px&quot;,&quot;size&quot;:&quot;&quot;,&quot;sizes&quot;:[]},&quot;classic_row_gap_mobile&quot;:{&quot;unit&quot;:&quot;px&quot;,&quot;size&quot;:&quot;&quot;,&quot;sizes&quot;:[]}}\" data-widget_type=\"posts.classic\">\n\t\t\t\t<div class=\"elementor-widget-container\">\n\t\t\t\t\t<div class=\"elementor-posts-container elementor-posts elementor-posts--skin-classic elementor-grid\">\n\t\t\t\t<article class=\"elementor-post elementor-grid-item post-4730 post type-post status-publish format-standard has-post-thumbnail hentry category-noticia\">\n\t\t\t\t<a class=\"elementor-post__thumbnail__link\" href=\"https:\/\/rutapanamaeste-asp-prd001.azurewebsites.net\/en\/panama-acredita-el-cierre-financiero\/\" tabindex=\"-1\" >\n\t\t\t<div class=\"elementor-post__thumbnail\"><img fetchpriority=\"high\" decoding=\"async\" width=\"300\" height=\"181\" src=\"\/wp-content\/uploads\/2026\/02\/img-hero-300x181.png\" class=\"attachment-medium size-medium wp-image-4732\" alt=\"\" srcset=\"\/wp-content\/uploads\/2026\/02\/img-hero-300x181.png 300w, \/wp-content\/uploads\/2026\/02\/img-hero-1024x619.png 1024w, \/wp-content\/uploads\/2026\/02\/img-hero-768x464.png 768w, \/wp-content\/uploads\/2026\/02\/img-hero-18x12.png 18w, \/wp-content\/uploads\/2026\/02\/img-hero.png 1224w\" sizes=\"(max-width: 300px) 100vw, 300px\" \/><\/div>\n\t\t<\/a>\n\t\t\t\t<div class=\"elementor-post__text\">\n\t\t\t\t<h3 class=\"elementor-post__title\">\n\t\t\t<a href=\"https:\/\/rutapanamaeste-asp-prd001.azurewebsites.net\/en\/panama-acredita-el-cierre-financiero\/\" >\n\t\t\t\tPanama acredita el cierre financiero\t\t\t<\/a>\n\t\t<\/h3>\n\t\t\t\t<div class=\"elementor-post__meta-data\">\n\t\t\t\t\t<span class=\"elementor-post-date\">\n\t\t\t7 de January, 2026\t\t<\/span>\n\t\t\t\t<\/div>\n\t\t\t\t<div class=\"elementor-post__excerpt\">\n\t\t\t<p>Panam\u00e1, 7 de enero de 2026. Panam\u00e1 da un paso decisivo en su agenda de desarrollo pa\u00eds con la aprobaci\u00f3n del cierre financiero del Proyecto<\/p>\n\t\t<\/div>\n\t\t\n\t\t<a class=\"elementor-post__read-more\" href=\"https:\/\/rutapanamaeste-asp-prd001.azurewebsites.net\/en\/panama-acredita-el-cierre-financiero\/\" aria-label=\"Read more about Panama acredita el cierre financiero\" tabindex=\"-1\" >\n\t\t\tSee More\t\t<\/a>\n\n\t\t\t\t<\/div>\n\t\t\t\t<\/article>\n\t\t\t\t<article class=\"elementor-post elementor-grid-item post-4611 post type-post status-publish format-standard has-post-thumbnail hentry category-noticia\">\n\t\t\t\t<a class=\"elementor-post__thumbnail__link\" href=\"https:\/\/rutapanamaeste-asp-prd001.azurewebsites.net\/en\/ruta-del-este-inicia-la-construccion-del-primer-proyecto-de-asociacion-publico-privada-en-infraestructura-vial-de-panama\/\" tabindex=\"-1\" >\n\t\t\t<div class=\"elementor-post__thumbnail\"><img decoding=\"async\" width=\"300\" height=\"225\" src=\"\/wp-content\/uploads\/2025\/09\/ISA-MOP-220-300x225.jpg\" class=\"attachment-medium size-medium wp-image-4646\" alt=\"\" srcset=\"\/wp-content\/uploads\/2025\/09\/ISA-MOP-220-300x225.jpg 300w, \/wp-content\/uploads\/2025\/09\/ISA-MOP-220-1024x769.jpg 1024w, \/wp-content\/uploads\/2025\/09\/ISA-MOP-220-768x576.jpg 768w, \/wp-content\/uploads\/2025\/09\/ISA-MOP-220-1536x1153.jpg 1536w, \/wp-content\/uploads\/2025\/09\/ISA-MOP-220-2048x1537.jpg 2048w, \/wp-content\/uploads\/2025\/09\/ISA-MOP-220-16x12.jpg 16w\" sizes=\"(max-width: 300px) 100vw, 300px\" \/><\/div>\n\t\t<\/a>\n\t\t\t\t<div class=\"elementor-post__text\">\n\t\t\t\t<h3 class=\"elementor-post__title\">\n\t\t\t<a href=\"https:\/\/rutapanamaeste-asp-prd001.azurewebsites.net\/en\/ruta-del-este-inicia-la-construccion-del-primer-proyecto-de-asociacion-publico-privada-en-infraestructura-vial-de-panama\/\" >\n\t\t\t\tRuta del Este inicia la construcci\u00f3n del primer proyecto de Asociaci\u00f3n P\u00fablico-Privada en infraestructura vial de Panam\u00e1\t\t\t<\/a>\n\t\t<\/h3>\n\t\t\t\t<div class=\"elementor-post__meta-data\">\n\t\t\t\t\t<span class=\"elementor-post-date\">\n\t\t\t26 de June, 2025\t\t<\/span>\n\t\t\t\t<\/div>\n\t\t\t\t<div class=\"elementor-post__excerpt\">\n\t\t\t<p>26 de junio de 2025. ISA V\u00cdAS, a trav\u00e9s de su filial Ruta del Este y en alianza con el Gobierno de Panam\u00e1&#8230;<\/p>\n\t\t<\/div>\n\t\t\n\t\t<a class=\"elementor-post__read-more\" href=\"https:\/\/rutapanamaeste-asp-prd001.azurewebsites.net\/en\/ruta-del-este-inicia-la-construccion-del-primer-proyecto-de-asociacion-publico-privada-en-infraestructura-vial-de-panama\/\" aria-label=\"Read more about Ruta del Este inicia la construcci\u00f3n del primer proyecto de Asociaci\u00f3n P\u00fablico-Privada en infraestructura vial de Panam\u00e1\" tabindex=\"-1\" >\n\t\t\tSee More\t\t<\/a>\n\n\t\t\t\t<\/div>\n\t\t\t\t<\/article>\n\t\t\t\t<article class=\"elementor-post elementor-grid-item post-4560 post type-post status-publish format-standard has-post-thumbnail hentry category-noticia\">\n\t\t\t\t<a class=\"elementor-post__thumbnail__link\" href=\"https:\/\/rutapanamaeste-asp-prd001.azurewebsites.net\/en\/informacion-a-la-opinion-publica\/\" tabindex=\"-1\" >\n\t\t\t<div class=\"elementor-post__thumbnail\"><img decoding=\"async\" width=\"225\" height=\"300\" src=\"\/wp-content\/uploads\/2025\/05\/PHOTO-2025-05-16-17-11-01100-225x300.jpg\" class=\"attachment-medium size-medium wp-image-4576\" alt=\"\" srcset=\"\/wp-content\/uploads\/2025\/05\/PHOTO-2025-05-16-17-11-01100-225x300.jpg 225w, \/wp-content\/uploads\/2025\/05\/PHOTO-2025-05-16-17-11-01100-768x1024.jpg 768w, \/wp-content\/uploads\/2025\/05\/PHOTO-2025-05-16-17-11-01100-1152x1536.jpg 1152w, \/wp-content\/uploads\/2025\/05\/PHOTO-2025-05-16-17-11-01100-1536x2048.jpg 1536w, \/wp-content\/uploads\/2025\/05\/PHOTO-2025-05-16-17-11-01100-9x12.jpg 9w, \/wp-content\/uploads\/2025\/05\/PHOTO-2025-05-16-17-11-01100-scaled.jpg 1920w\" sizes=\"(max-width: 225px) 100vw, 225px\" \/><\/div>\n\t\t<\/a>\n\t\t\t\t<div class=\"elementor-post__text\">\n\t\t\t\t<h3 class=\"elementor-post__title\">\n\t\t\t<a href=\"https:\/\/rutapanamaeste-asp-prd001.azurewebsites.net\/en\/informacion-a-la-opinion-publica\/\" >\n\t\t\t\tINFORMACI\u00d3N A LA OPINI\u00d3N P\u00daBLICA\t\t\t<\/a>\n\t\t<\/h3>\n\t\t\t\t<div class=\"elementor-post__meta-data\">\n\t\t\t\t\t<span class=\"elementor-post-date\">\n\t\t\t23 de May, 2025\t\t<\/span>\n\t\t\t\t<\/div>\n\t\t\t\t<div class=\"elementor-post__excerpt\">\n\t\t\t<p>Ruta del Este, PPP contractor in charge of the Eastern Pan-American Highway, together with the Ministry of Public Works report\u2026<\/p>\n\t\t<\/div>\n\t\t\n\t\t<a class=\"elementor-post__read-more\" href=\"https:\/\/rutapanamaeste-asp-prd001.azurewebsites.net\/en\/informacion-a-la-opinion-publica\/\" aria-label=\"Read more about INFORMACI\u00d3N A LA OPINI\u00d3N P\u00daBLICA\" tabindex=\"-1\" >\n\t\t\tSee More\t\t<\/a>\n\n\t\t\t\t<\/div>\n\t\t\t\t<\/article>\n\t\t\t\t<article class=\"elementor-post elementor-grid-item post-4027 post type-post status-publish format-standard has-post-thumbnail hentry category-noticia\">\n\t\t\t\t<a class=\"elementor-post__thumbnail__link\" href=\"https:\/\/rutapanamaeste-asp-prd001.azurewebsites.net\/en\/sobre-intervenciones-en-la-via-entre-las-comunidades-de-canitas-de-chepo-en-la-provincia-de-panama-y-agua-fria-n-1-en-la-provincia-de-darien\/\" tabindex=\"-1\" >\n\t\t\t<div class=\"elementor-post__thumbnail\"><img loading=\"lazy\" decoding=\"async\" width=\"300\" height=\"177\" src=\"\/wp-content\/uploads\/2024\/07\/img-asistencia-accidente-300x177.png\" class=\"attachment-medium size-medium wp-image-4125\" alt=\"\" srcset=\"\/wp-content\/uploads\/2024\/07\/img-asistencia-accidente-300x177.png 300w, \/wp-content\/uploads\/2024\/07\/img-asistencia-accidente-1024x606.png 1024w, \/wp-content\/uploads\/2024\/07\/img-asistencia-accidente-768x454.png 768w, \/wp-content\/uploads\/2024\/07\/img-asistencia-accidente-18x12.png 18w, \/wp-content\/uploads\/2024\/07\/img-asistencia-accidente.png 1280w\" sizes=\"(max-width: 300px) 100vw, 300px\" \/><\/div>\n\t\t<\/a>\n\t\t\t\t<div class=\"elementor-post__text\">\n\t\t\t\t<h3 class=\"elementor-post__title\">\n\t\t\t<a href=\"https:\/\/rutapanamaeste-asp-prd001.azurewebsites.net\/en\/sobre-intervenciones-en-la-via-entre-las-comunidades-de-canitas-de-chepo-en-la-provincia-de-panama-y-agua-fria-n-1-en-la-provincia-de-darien\/\" >\n\t\t\t\tRegarding interventions on the road, between the communities of Ca\u00f1itas de Chepo in the province of Panama and Agua Fr\u00eda N\u00b01 in the province of Dari\u00e9n\t\t\t<\/a>\n\t\t<\/h3>\n\t\t\t\t<div class=\"elementor-post__meta-data\">\n\t\t\t\t\t<span class=\"elementor-post-date\">\n\t\t\t25 de July, 2024\t\t<\/span>\n\t\t\t\t<\/div>\n\t\t\t\t<div class=\"elementor-post__excerpt\">\n\t\t\t<p>Ruta del Este, PPP contractor in charge of the Eastern Pan-American Highway, together with the Ministry of Public Works report\u2026<\/p>\n\t\t<\/div>\n\t\t\n\t\t<a class=\"elementor-post__read-more\" href=\"https:\/\/rutapanamaeste-asp-prd001.azurewebsites.net\/en\/sobre-intervenciones-en-la-via-entre-las-comunidades-de-canitas-de-chepo-en-la-provincia-de-panama-y-agua-fria-n-1-en-la-provincia-de-darien\/\" aria-label=\"Read more about Sobre intervenciones en la v\u00eda, entre las comunidades de Ca\u00f1itas de Chepo en la provincia de Panam\u00e1 y Agua Fr\u00eda N\u00b01 en la provincia de Dari\u00e9n\" tabindex=\"-1\" >\n\t\t\tSee More\t\t<\/a>\n\n\t\t\t\t<\/div>\n\t\t\t\t<\/article>\n\t\t\t\t<\/div>\n\t\t\n\t\t\t\t<\/div>\n\t\t\t\t<\/div>\n\t\t\t\t\t<\/div>\n\t\t\t\t<\/div>\n\t\t\t\t<\/div>","protected":false},"excerpt":{"rendered":"<p>Prensa Tenemos mucho que contarte<\/p>","protected":false},"author":2,"featured_media":0,"parent":0,"menu_order":0,"comment_status":"closed","ping_status":"closed","template":"","meta":{"footnotes":""},"_links":{"self":[{"href":"https:\/\/rutapanamaeste-asp-prd001.azurewebsites.net\/en\/wp-json\/wp\/v2\/pages\/4005"}],"collection":[{"href":"https:\/\/rutapanamaeste-asp-prd001.azurewebsites.net\/en\/wp-json\/wp\/v2\/pages"}],"about":[{"href":"https:\/\/rutapanamaeste-asp-prd001.azurewebsites.net\/en\/wp-json\/wp\/v2\/types\/page"}],"author":[{"embeddable":true,"href":"https:\/\/rutapanamaeste-asp-prd001.azurewebsites.net\/en\/wp-json\/wp\/v2\/users\/2"}],"replies":[{"embeddable":true,"href":"https:\/\/rutapanamaeste-asp-prd001.azurewebsites.net\/en\/wp-json\/wp\/v2\/comments?post=4005"}],"version-history":[{"count":15,"href":"https:\/\/rutapanamaeste-asp-prd001.azurewebsites.net\/en\/wp-json\/wp\/v2\/pages\/4005\/revisions"}],"predecessor-version":[{"id":4695,"href":"https:\/\/rutapanamaeste-asp-prd001.azurewebsites.net\/en\/wp-json\/wp\/v2\/pages\/4005\/revisions\/4695"}],"wp:attachment":[{"href":"https:\/\/rutapanamaeste-asp-prd001.azurewebsites.net\/en\/wp-json\/wp\/v2\/media?parent=4005"}],"curies":[{"name":"wp","href":"https:\/\/api.w.org\/{rel}","templated":true}]}}