{"id":4321,"date":"2024-12-02T14:06:42","date_gmt":"2024-12-02T14:06:42","guid":{"rendered":"https:\/\/rutapanamaeste-asp-prd001.azurewebsites.net\/?page_id=4321"},"modified":"2024-12-02T20:10:59","modified_gmt":"2024-12-02T20:10:59","slug":"trabajos-externos","status":"publish","type":"page","link":"https:\/\/rutapanamaeste-asp-prd001.azurewebsites.net\/en\/trabajos-externos\/","title":{"rendered":"External Jobs"},"content":{"rendered":"<div data-elementor-type=\"wp-page\" data-elementor-id=\"4321\" class=\"elementor elementor-4321\" data-elementor-post-type=\"page\">\n\t\t\t\t<div class=\"elementor-element elementor-element-503bedb e-con-full e-flex e-con e-parent\" data-id=\"503bedb\" data-element_type=\"container\">\n\t\t\t\t<div class=\"elementor-element elementor-element-12f01f4 elementor-widget__width-initial elementor-widget elementor-widget-heading\" data-id=\"12f01f4\" data-element_type=\"widget\" data-widget_type=\"heading.default\">\n\t\t\t\t<div class=\"elementor-widget-container\">\n\t\t\t<h2 class=\"elementor-heading-title elementor-size-default\">External Work Management<\/h2>\t\t<\/div>\n\t\t\t\t<\/div>\n\t\t\t\t<div class=\"elementor-element elementor-element-f41de76 elementor-widget elementor-widget-image\" data-id=\"f41de76\" data-element_type=\"widget\" data-widget_type=\"image.default\">\n\t\t\t\t<div class=\"elementor-widget-container\">\n\t\t\t\t\t\t\t\t\t\t\t\t\t<img fetchpriority=\"high\" decoding=\"async\" width=\"2734\" height=\"960\" src=\"\/wp-content\/uploads\/2024\/12\/img-gestion@2x-2.png\" class=\"attachment-full size-full wp-image-4351\" alt=\"\" srcset=\"\/wp-content\/uploads\/2024\/12\/img-gestion@2x-2.png 2734w, \/wp-content\/uploads\/2024\/12\/img-gestion@2x-2-300x105.png 300w, \/wp-content\/uploads\/2024\/12\/img-gestion@2x-2-1024x360.png 1024w, \/wp-content\/uploads\/2024\/12\/img-gestion@2x-2-768x270.png 768w, \/wp-content\/uploads\/2024\/12\/img-gestion@2x-2-1536x539.png 1536w, \/wp-content\/uploads\/2024\/12\/img-gestion@2x-2-2048x719.png 2048w, \/wp-content\/uploads\/2024\/12\/img-gestion@2x-2-18x6.png 18w\" sizes=\"(max-width: 2734px) 100vw, 2734px\" \/>\t\t\t\t\t\t\t\t\t\t\t\t\t<\/div>\n\t\t\t\t<\/div>\n\t\t\t\t<\/div>\n\t\t<div class=\"elementor-element elementor-element-c109218 e-flex e-con-boxed e-con e-parent\" data-id=\"c109218\" data-element_type=\"container\">\n\t\t\t\t\t<div class=\"e-con-inner\">\n\t\t<div class=\"elementor-element elementor-element-86f35d4 e-con-full e-flex e-con e-child\" data-id=\"86f35d4\" data-element_type=\"container\">\n\t\t\t\t<div class=\"elementor-element elementor-element-1ff83ca elementor-widget__width-initial elementor-widget elementor-widget-heading\" data-id=\"1ff83ca\" data-element_type=\"widget\" data-widget_type=\"heading.default\">\n\t\t\t\t<div class=\"elementor-widget-container\">\n\t\t\t<h2 class=\"elementor-heading-title elementor-size-default\">Ruta del Este assumes the comprehensive management of the Pan-American Highway, implementing new quality and safety standards.<\/h2>\t\t<\/div>\n\t\t\t\t<\/div>\n\t\t\t\t<\/div>\n\t\t<div class=\"elementor-element elementor-element-c81df51 e-con-full e-flex e-con e-child\" data-id=\"c81df51\" data-element_type=\"container\">\n\t\t\t\t<div class=\"elementor-element elementor-element-7fc2c07 elementor-widget__width-initial elementor-widget elementor-widget-text-editor\" data-id=\"7fc2c07\" data-element_type=\"widget\" data-widget_type=\"text-editor.default\">\n\t\t\t\t<div class=\"elementor-widget-container\">\n\t\t\t\t\t\t\t<p>Since July 2024, Ruta del Este is officially responsible for the administration and comprehensive management of the Eastern Pan-American Highway, in the section that runs from Pacora, in the province of Panama, to Yaviza, in the province of Dari\u00e9n, including the road easement. . This responsibility includes supervising and regulating any work carried out by third parties within this space, guaranteeing the safe and efficient operation of the road. The Easement Works Manual defines the steps and requirements necessary to request permits, execute works and complete interventions with quality standards that protect both users and the infrastructure.<\/p>\t\t\t\t\t\t<\/div>\n\t\t\t\t<\/div>\n\t\t\t\t<\/div>\n\t\t\t\t\t<\/div>\n\t\t\t\t<\/div>\n\t\t<div class=\"elementor-element elementor-element-06e591f e-flex e-con-boxed e-con e-parent\" data-id=\"06e591f\" data-element_type=\"container\">\n\t\t\t\t\t<div class=\"e-con-inner\">\n\t\t\t\t<div class=\"elementor-element elementor-element-73cbb93 elementor-position-left elementor-vertical-align-middle elementor-widget__width-initial elementor-view-default elementor-mobile-position-top elementor-widget elementor-widget-icon-box\" data-id=\"73cbb93\" data-element_type=\"widget\" data-widget_type=\"icon-box.default\">\n\t\t\t\t<div class=\"elementor-widget-container\">\n\t\t\t\t\t<div class=\"elementor-icon-box-wrapper\">\n\n\t\t\t\t\t\t<div class=\"elementor-icon-box-icon\">\n\t\t\t\t<span  class=\"elementor-icon elementor-animation-\">\n\t\t\t\t<svg xmlns=\"http:\/\/www.w3.org\/2000\/svg\" width=\"63.671\" height=\"92.697\" viewbox=\"0 0 63.671 92.697\"><g id=\"icon-duracion\" transform=\"translate(-80.162)\"><path id=\"Trazado_4255\" data-name=\"Trazado 4255\" d=\"M139.572,84.176h-4.718L116.733,3.329A4.236,4.236,0,0,0,112.576,0h-1.157a4.236,4.236,0,0,0-4.157,3.329L89.141,84.176H84.422a4.265,4.265,0,0,0-4.26,4.26v2.9A1.358,1.358,0,0,0,81.52,92.7h60.955a1.358,1.358,0,0,0,1.358-1.358v-2.9a4.266,4.266,0,0,0-4.261-4.26Zm-41.1-29.213h17.88a1.358,1.358,0,1,0,0-2.716H99.08l3.295-14.7H121.62l3.295,14.7h-2.758a1.358,1.358,0,1,0,0,2.716h3.367l1.994,8.895H96.478Zm6.506-29.026h14.04l1.994,8.895H102.984Zm4.934-22.014a1.536,1.536,0,0,1,1.507-1.207h1.157a1.536,1.536,0,0,1,1.507,1.207l4.325,19.3H105.586Zm31.206,86.059H82.878V88.437a1.546,1.546,0,0,1,1.545-1.545H94.581a1.358,1.358,0,1,0,0-2.716H91.924l3.945-17.6h32.257l3.945,17.6H100.387a1.358,1.358,0,0,0,0,2.716h39.186a1.546,1.546,0,0,1,1.545,1.545Z\" fill=\"#023087\"><\/path><\/g><\/svg>\t\t\t\t<\/span>\n\t\t\t<\/div>\n\t\t\t\n\t\t\t\t\t\t<div class=\"elementor-icon-box-content\">\n\n\t\t\t\t\t\t\t\t\t<h3 class=\"elementor-icon-box-title\">\n\t\t\t\t\t\t<span  >\n\t\t\t\t\t\t\tObjectives and scope of the manual:\t\t\t\t\t\t<\/span>\n\t\t\t\t\t<\/h3>\n\t\t\t\t\n\t\t\t\t\t\t\t\t\t<p class=\"elementor-icon-box-description\">\n\t\t\t\t\t\tThe document establishes the requirements that external companies must meet to obtain permits and carry out work within the easement, ensuring that these activities are compatible with the operation of the road.\t\t\t\t\t<\/p>\n\t\t\t\t\n\t\t\t<\/div>\n\t\t\t\n\t\t<\/div>\n\t\t\t\t<\/div>\n\t\t\t\t<\/div>\n\t\t\t\t\t<\/div>\n\t\t\t\t<\/div>\n\t\t<div class=\"elementor-element elementor-element-6514c2f e-flex e-con-boxed e-con e-parent\" data-id=\"6514c2f\" data-element_type=\"container\">\n\t\t\t\t\t<div class=\"e-con-inner\">\n\t\t<div class=\"elementor-element elementor-element-b69980d e-con-full e-flex e-con e-child\" data-id=\"b69980d\" data-element_type=\"container\">\n\t\t\t\t<div class=\"elementor-element elementor-element-a67aff3 elementor-position-left elementor-vertical-align-middle elementor-view-default elementor-mobile-position-top elementor-widget elementor-widget-icon-box\" data-id=\"a67aff3\" data-element_type=\"widget\" data-widget_type=\"icon-box.default\">\n\t\t\t\t<div class=\"elementor-widget-container\">\n\t\t\t\t\t<div class=\"elementor-icon-box-wrapper\">\n\n\t\t\t\t\t\t<div class=\"elementor-icon-box-icon\">\n\t\t\t\t<span  class=\"elementor-icon elementor-animation-\">\n\t\t\t\t<svg xmlns=\"http:\/\/www.w3.org\/2000\/svg\" width=\"42\" height=\"40\" viewbox=\"0 0 42 40\"><g id=\"check2-circle\" transform=\"translate(-5.999 -5.996)\"><g id=\"Grupo_4653\" data-name=\"Grupo 4653\" transform=\"translate(5.999 5.996)\"><path id=\"Trazado_4255\" data-name=\"Trazado 4255\" d=\"M9,26A17.011,17.011,0,0,1,17.237,11.34a16.106,16.106,0,0,1,16.478,0,1.477,1.477,0,0,0,2.046-.563,1.561,1.561,0,0,0-.548-2.1A19.1,19.1,0,0,0,11.7,11.854a20.4,20.4,0,0,0-3.1,24.14,19.268,19.268,0,0,0,21.906,9.32A19.919,19.919,0,0,0,44.951,26a1.5,1.5,0,1,0-3,0A16.7,16.7,0,0,1,25.475,42.92,16.7,16.7,0,0,1,9,26Z\" transform=\"translate(-5.999 -5.996)\" fill=\"#09f\"><\/path><path id=\"Trazado_4256\" data-name=\"Trazado 4256\" d=\"M51.068,12.6a1.525,1.525,0,1,0-2.157-2.157L28.663,30.7,20.6,22.631a1.525,1.525,0,0,0-2.157,2.157l9.14,9.14a1.523,1.523,0,0,0,2.157,0Z\" transform=\"translate(-9.515 -6.95)\" fill=\"#09f\"><\/path><\/g><\/g><\/svg>\t\t\t\t<\/span>\n\t\t\t<\/div>\n\t\t\t\n\t\t\t\t\t\t<div class=\"elementor-icon-box-content\">\n\n\t\t\t\t\t\t\t\t\t<h3 class=\"elementor-icon-box-title\">\n\t\t\t\t\t\t<span  >\n\t\t\t\t\t\t\tStep 1\t\t\t\t\t\t<\/span>\n\t\t\t\t\t<\/h3>\n\t\t\t\t\n\t\t\t\t\t\t\t\t\t<p class=\"elementor-icon-box-description\">\n\t\t\t\t\t\tPermissions\t\t\t\t\t<\/p>\n\t\t\t\t\n\t\t\t<\/div>\n\t\t\t\n\t\t<\/div>\n\t\t\t\t<\/div>\n\t\t\t\t<\/div>\n\t\t\t\t<\/div>\n\t\t<div class=\"elementor-element elementor-element-ba96a01 e-con-full e-flex e-con e-child\" data-id=\"ba96a01\" data-element_type=\"container\">\n\t\t\t\t<div class=\"elementor-element elementor-element-8986a36 elementor-position-left elementor-vertical-align-middle elementor-view-default elementor-mobile-position-top elementor-widget elementor-widget-icon-box\" data-id=\"8986a36\" data-element_type=\"widget\" data-widget_type=\"icon-box.default\">\n\t\t\t\t<div class=\"elementor-widget-container\">\n\t\t\t\t\t<div class=\"elementor-icon-box-wrapper\">\n\n\t\t\t\t\t\t<div class=\"elementor-icon-box-icon\">\n\t\t\t\t<span  class=\"elementor-icon elementor-animation-\">\n\t\t\t\t<svg xmlns=\"http:\/\/www.w3.org\/2000\/svg\" width=\"42\" height=\"40\" viewbox=\"0 0 42 40\"><g id=\"check2-circle\" transform=\"translate(-5.999 -5.996)\"><g id=\"Grupo_4653\" data-name=\"Grupo 4653\" transform=\"translate(5.999 5.996)\"><path id=\"Trazado_4255\" data-name=\"Trazado 4255\" d=\"M9,26A17.011,17.011,0,0,1,17.237,11.34a16.106,16.106,0,0,1,16.478,0,1.477,1.477,0,0,0,2.046-.563,1.561,1.561,0,0,0-.548-2.1A19.1,19.1,0,0,0,11.7,11.854a20.4,20.4,0,0,0-3.1,24.14,19.268,19.268,0,0,0,21.906,9.32A19.919,19.919,0,0,0,44.951,26a1.5,1.5,0,1,0-3,0A16.7,16.7,0,0,1,25.475,42.92,16.7,16.7,0,0,1,9,26Z\" transform=\"translate(-5.999 -5.996)\" fill=\"#09f\"><\/path><path id=\"Trazado_4256\" data-name=\"Trazado 4256\" d=\"M51.068,12.6a1.525,1.525,0,1,0-2.157-2.157L28.663,30.7,20.6,22.631a1.525,1.525,0,0,0-2.157,2.157l9.14,9.14a1.523,1.523,0,0,0,2.157,0Z\" transform=\"translate(-9.515 -6.95)\" fill=\"#09f\"><\/path><\/g><\/g><\/svg>\t\t\t\t<\/span>\n\t\t\t<\/div>\n\t\t\t\n\t\t\t\t\t\t<div class=\"elementor-icon-box-content\">\n\n\t\t\t\t\t\t\t\t\t<h3 class=\"elementor-icon-box-title\">\n\t\t\t\t\t\t<span  >\n\t\t\t\t\t\t\tStep 2\t\t\t\t\t\t<\/span>\n\t\t\t\t\t<\/h3>\n\t\t\t\t\n\t\t\t\t\t\t\t\t\t<p class=\"elementor-icon-box-description\">\n\t\t\t\t\t\tReview and approval\t\t\t\t\t<\/p>\n\t\t\t\t\n\t\t\t<\/div>\n\t\t\t\n\t\t<\/div>\n\t\t\t\t<\/div>\n\t\t\t\t<\/div>\n\t\t\t\t<\/div>\n\t\t<div class=\"elementor-element elementor-element-9349e6b e-con-full e-flex e-con e-child\" data-id=\"9349e6b\" data-element_type=\"container\">\n\t\t\t\t<div class=\"elementor-element elementor-element-73eccf7 elementor-position-left elementor-vertical-align-middle elementor-view-default elementor-mobile-position-top elementor-widget elementor-widget-icon-box\" data-id=\"73eccf7\" data-element_type=\"widget\" data-widget_type=\"icon-box.default\">\n\t\t\t\t<div class=\"elementor-widget-container\">\n\t\t\t\t\t<div class=\"elementor-icon-box-wrapper\">\n\n\t\t\t\t\t\t<div class=\"elementor-icon-box-icon\">\n\t\t\t\t<span  class=\"elementor-icon elementor-animation-\">\n\t\t\t\t<svg xmlns=\"http:\/\/www.w3.org\/2000\/svg\" width=\"42\" height=\"40\" viewbox=\"0 0 42 40\"><g id=\"check2-circle\" transform=\"translate(-5.999 -5.996)\"><g id=\"Grupo_4653\" data-name=\"Grupo 4653\" transform=\"translate(5.999 5.996)\"><path id=\"Trazado_4255\" data-name=\"Trazado 4255\" d=\"M9,26A17.011,17.011,0,0,1,17.237,11.34a16.106,16.106,0,0,1,16.478,0,1.477,1.477,0,0,0,2.046-.563,1.561,1.561,0,0,0-.548-2.1A19.1,19.1,0,0,0,11.7,11.854a20.4,20.4,0,0,0-3.1,24.14,19.268,19.268,0,0,0,21.906,9.32A19.919,19.919,0,0,0,44.951,26a1.5,1.5,0,1,0-3,0A16.7,16.7,0,0,1,25.475,42.92,16.7,16.7,0,0,1,9,26Z\" transform=\"translate(-5.999 -5.996)\" fill=\"#09f\"><\/path><path id=\"Trazado_4256\" data-name=\"Trazado 4256\" d=\"M51.068,12.6a1.525,1.525,0,1,0-2.157-2.157L28.663,30.7,20.6,22.631a1.525,1.525,0,0,0-2.157,2.157l9.14,9.14a1.523,1.523,0,0,0,2.157,0Z\" transform=\"translate(-9.515 -6.95)\" fill=\"#09f\"><\/path><\/g><\/g><\/svg>\t\t\t\t<\/span>\n\t\t\t<\/div>\n\t\t\t\n\t\t\t\t\t\t<div class=\"elementor-icon-box-content\">\n\n\t\t\t\t\t\t\t\t\t<h3 class=\"elementor-icon-box-title\">\n\t\t\t\t\t\t<span  >\n\t\t\t\t\t\t\tStep 3\t\t\t\t\t\t<\/span>\n\t\t\t\t\t<\/h3>\n\t\t\t\t\n\t\t\t\t\t\t\t\t\t<p class=\"elementor-icon-box-description\">\n\t\t\t\t\t\tExecution\t\t\t\t\t<\/p>\n\t\t\t\t\n\t\t\t<\/div>\n\t\t\t\n\t\t<\/div>\n\t\t\t\t<\/div>\n\t\t\t\t<\/div>\n\t\t\t\t<\/div>\n\t\t<div class=\"elementor-element elementor-element-c690634 e-con-full e-flex e-con e-child\" data-id=\"c690634\" data-element_type=\"container\">\n\t\t\t\t<div class=\"elementor-element elementor-element-f1457cb elementor-position-left elementor-vertical-align-middle elementor-view-default elementor-mobile-position-top elementor-widget elementor-widget-icon-box\" data-id=\"f1457cb\" data-element_type=\"widget\" data-widget_type=\"icon-box.default\">\n\t\t\t\t<div class=\"elementor-widget-container\">\n\t\t\t\t\t<div class=\"elementor-icon-box-wrapper\">\n\n\t\t\t\t\t\t<div class=\"elementor-icon-box-icon\">\n\t\t\t\t<span  class=\"elementor-icon elementor-animation-\">\n\t\t\t\t<svg xmlns=\"http:\/\/www.w3.org\/2000\/svg\" width=\"42\" height=\"40\" viewbox=\"0 0 42 40\"><g id=\"check2-circle\" transform=\"translate(-5.999 -5.996)\"><g id=\"Grupo_4653\" data-name=\"Grupo 4653\" transform=\"translate(5.999 5.996)\"><path id=\"Trazado_4255\" data-name=\"Trazado 4255\" d=\"M9,26A17.011,17.011,0,0,1,17.237,11.34a16.106,16.106,0,0,1,16.478,0,1.477,1.477,0,0,0,2.046-.563,1.561,1.561,0,0,0-.548-2.1A19.1,19.1,0,0,0,11.7,11.854a20.4,20.4,0,0,0-3.1,24.14,19.268,19.268,0,0,0,21.906,9.32A19.919,19.919,0,0,0,44.951,26a1.5,1.5,0,1,0-3,0A16.7,16.7,0,0,1,25.475,42.92,16.7,16.7,0,0,1,9,26Z\" transform=\"translate(-5.999 -5.996)\" fill=\"#09f\"><\/path><path id=\"Trazado_4256\" data-name=\"Trazado 4256\" d=\"M51.068,12.6a1.525,1.525,0,1,0-2.157-2.157L28.663,30.7,20.6,22.631a1.525,1.525,0,0,0-2.157,2.157l9.14,9.14a1.523,1.523,0,0,0,2.157,0Z\" transform=\"translate(-9.515 -6.95)\" fill=\"#09f\"><\/path><\/g><\/g><\/svg>\t\t\t\t<\/span>\n\t\t\t<\/div>\n\t\t\t\n\t\t\t\t\t\t<div class=\"elementor-icon-box-content\">\n\n\t\t\t\t\t\t\t\t\t<h3 class=\"elementor-icon-box-title\">\n\t\t\t\t\t\t<span  >\n\t\t\t\t\t\t\tStep 4\t\t\t\t\t\t<\/span>\n\t\t\t\t\t<\/h3>\n\t\t\t\t\n\t\t\t\t\t\t\t\t\t<p class=\"elementor-icon-box-description\">\n\t\t\t\t\t\tGuarantees\t\t\t\t\t<\/p>\n\t\t\t\t\n\t\t\t<\/div>\n\t\t\t\n\t\t<\/div>\n\t\t\t\t<\/div>\n\t\t\t\t<\/div>\n\t\t\t\t<\/div>\n\t\t<div class=\"elementor-element elementor-element-6494f01 e-con-full e-flex e-con e-child\" data-id=\"6494f01\" data-element_type=\"container\">\n\t\t\t\t<div class=\"elementor-element elementor-element-70bf026 elementor-position-left elementor-vertical-align-middle elementor-view-default elementor-mobile-position-top elementor-widget elementor-widget-icon-box\" data-id=\"70bf026\" data-element_type=\"widget\" data-widget_type=\"icon-box.default\">\n\t\t\t\t<div class=\"elementor-widget-container\">\n\t\t\t\t\t<div class=\"elementor-icon-box-wrapper\">\n\n\t\t\t\t\t\t<div class=\"elementor-icon-box-icon\">\n\t\t\t\t<span  class=\"elementor-icon elementor-animation-\">\n\t\t\t\t<svg xmlns=\"http:\/\/www.w3.org\/2000\/svg\" width=\"42\" height=\"40\" viewbox=\"0 0 42 40\"><g id=\"check2-circle\" transform=\"translate(-5.999 -5.996)\"><g id=\"Grupo_4653\" data-name=\"Grupo 4653\" transform=\"translate(5.999 5.996)\"><path id=\"Trazado_4255\" data-name=\"Trazado 4255\" d=\"M9,26A17.011,17.011,0,0,1,17.237,11.34a16.106,16.106,0,0,1,16.478,0,1.477,1.477,0,0,0,2.046-.563,1.561,1.561,0,0,0-.548-2.1A19.1,19.1,0,0,0,11.7,11.854a20.4,20.4,0,0,0-3.1,24.14,19.268,19.268,0,0,0,21.906,9.32A19.919,19.919,0,0,0,44.951,26a1.5,1.5,0,1,0-3,0A16.7,16.7,0,0,1,25.475,42.92,16.7,16.7,0,0,1,9,26Z\" transform=\"translate(-5.999 -5.996)\" fill=\"#09f\"><\/path><path id=\"Trazado_4256\" data-name=\"Trazado 4256\" d=\"M51.068,12.6a1.525,1.525,0,1,0-2.157-2.157L28.663,30.7,20.6,22.631a1.525,1.525,0,0,0-2.157,2.157l9.14,9.14a1.523,1.523,0,0,0,2.157,0Z\" transform=\"translate(-9.515 -6.95)\" fill=\"#09f\"><\/path><\/g><\/g><\/svg>\t\t\t\t<\/span>\n\t\t\t<\/div>\n\t\t\t\n\t\t\t\t\t\t<div class=\"elementor-icon-box-content\">\n\n\t\t\t\t\t\t\t\t\t<h3 class=\"elementor-icon-box-title\">\n\t\t\t\t\t\t<span  >\n\t\t\t\t\t\t\tStep 5\t\t\t\t\t\t<\/span>\n\t\t\t\t\t<\/h3>\n\t\t\t\t\n\t\t\t\t\t\t\t\t\t<p class=\"elementor-icon-box-description\">\n\t\t\t\t\t\tEnding\t\t\t\t\t<\/p>\n\t\t\t\t\n\t\t\t<\/div>\n\t\t\t\n\t\t<\/div>\n\t\t\t\t<\/div>\n\t\t\t\t<\/div>\n\t\t\t\t<\/div>\n\t\t\t\t\t<\/div>\n\t\t\t\t<\/div>\n\t\t<div class=\"elementor-element elementor-element-4b1c65e elementor-hidden-tablet elementor-hidden-mobile e-flex e-con-boxed e-con e-parent\" data-id=\"4b1c65e\" data-element_type=\"container\">\n\t\t\t\t\t<div class=\"e-con-inner\">\n\t\t<div class=\"elementor-element elementor-element-1accf3d e-flex e-con-boxed e-con e-child\" data-id=\"1accf3d\" data-element_type=\"container\">\n\t\t\t\t\t<div class=\"e-con-inner\">\n\t\t<div class=\"elementor-element elementor-element-06f586a e-flex e-con-boxed e-con e-child\" data-id=\"06f586a\" data-element_type=\"container\">\n\t\t\t\t\t<div class=\"e-con-inner\">\n\t\t\t\t<div class=\"elementor-element elementor-element-786a86c elementor-widget elementor-widget-heading\" data-id=\"786a86c\" data-element_type=\"widget\" data-widget_type=\"heading.default\">\n\t\t\t\t<div class=\"elementor-widget-container\">\n\t\t\t<h2 class=\"elementor-heading-title elementor-size-default\">Procedimiento de Trabajos Externos<\/h2>\t\t<\/div>\n\t\t\t\t<\/div>\n\t\t\t\t\t<\/div>\n\t\t\t\t<\/div>\n\t\t<div class=\"elementor-element elementor-element-95550de e-flex e-con-boxed e-con e-child\" data-id=\"95550de\" data-element_type=\"container\">\n\t\t\t\t\t<div class=\"e-con-inner\">\n\t\t\t\t<div class=\"elementor-element elementor-element-60e9fe3 elementor-align-center elementor-icon-list--layout-traditional elementor-list-item-link-full_width elementor-widget elementor-widget-icon-list\" data-id=\"60e9fe3\" data-element_type=\"widget\" data-widget_type=\"icon-list.default\">\n\t\t\t\t<div class=\"elementor-widget-container\">\n\t\t\t\t\t<ul class=\"elementor-icon-list-items\">\n\t\t\t\t\t\t\t<li class=\"elementor-icon-list-item\">\n\t\t\t\t\t\t\t\t\t\t\t<a href=\"\/wp-content\/uploads\/2024\/12\/PROCEDEMIENTO-DE-TRABAJO-DENTRO-DE-LA-SERVIDUMBRE-RevRT.pdf\" target=\"_blank\">\n\n\t\t\t\t\t\t\t\t\t\t\t\t<span class=\"elementor-icon-list-icon\">\n\t\t\t\t\t\t\t<svg aria-hidden=\"true\" class=\"e-font-icon-svg e-fas-cloud-download-alt\" viewbox=\"0 0 640 512\" xmlns=\"http:\/\/www.w3.org\/2000\/svg\"><path d=\"M537.6 226.6c4.1-10.7 6.4-22.4 6.4-34.6 0-53-43-96-96-96-19.7 0-38.1 6-53.3 16.2C367 64.2 315.3 32 256 32c-88.4 0-160 71.6-160 160 0 2.7.1 5.4.2 8.1C40.2 219.8 0 273.2 0 336c0 79.5 64.5 144 144 144h368c70.7 0 128-57.3 128-128 0-61.9-44-113.6-102.4-125.4zm-132.9 88.7L299.3 420.7c-6.2 6.2-16.4 6.2-22.6 0L171.3 315.3c-10.1-10.1-2.9-27.3 11.3-27.3H248V176c0-8.8 7.2-16 16-16h48c8.8 0 16 7.2 16 16v112h65.4c14.2 0 21.4 17.2 11.3 27.3z\"><\/path><\/svg>\t\t\t\t\t\t<\/span>\n\t\t\t\t\t\t\t\t\t\t<span class=\"elementor-icon-list-text\">Download here<\/span>\n\t\t\t\t\t\t\t\t\t\t\t<\/a>\n\t\t\t\t\t\t\t\t\t<\/li>\n\t\t\t\t\t\t<\/ul>\n\t\t\t\t<\/div>\n\t\t\t\t<\/div>\n\t\t\t\t\t<\/div>\n\t\t\t\t<\/div>\n\t\t\t\t\t<\/div>\n\t\t\t\t<\/div>\n\t\t\t\t\t<\/div>\n\t\t\t\t<\/div>\n\t\t\t\t<\/div>","protected":false},"excerpt":{"rendered":"<p>Gesti\u00f3n de Trabajos Externos Ruta del Este asume la gesti\u00f3n integral de la Carretera Panamericana, implementando nuevos est\u00e1ndares de calidad y seguridad. Desde julio de 2024, Ruta del Este es oficialmente responsable de la administraci\u00f3n y gesti\u00f3n integral de la Carretera Panamericana Este, en el tramo que abarca desde Pacora, en la provincia de Panam\u00e1, [&hellip;]<\/p>","protected":false},"author":2,"featured_media":0,"parent":0,"menu_order":0,"comment_status":"closed","ping_status":"closed","template":"","meta":{"footnotes":""},"_links":{"self":[{"href":"https:\/\/rutapanamaeste-asp-prd001.azurewebsites.net\/en\/wp-json\/wp\/v2\/pages\/4321"}],"collection":[{"href":"https:\/\/rutapanamaeste-asp-prd001.azurewebsites.net\/en\/wp-json\/wp\/v2\/pages"}],"about":[{"href":"https:\/\/rutapanamaeste-asp-prd001.azurewebsites.net\/en\/wp-json\/wp\/v2\/types\/page"}],"author":[{"embeddable":true,"href":"https:\/\/rutapanamaeste-asp-prd001.azurewebsites.net\/en\/wp-json\/wp\/v2\/users\/2"}],"replies":[{"embeddable":true,"href":"https:\/\/rutapanamaeste-asp-prd001.azurewebsites.net\/en\/wp-json\/wp\/v2\/comments?post=4321"}],"version-history":[{"count":0,"href":"https:\/\/rutapanamaeste-asp-prd001.azurewebsites.net\/en\/wp-json\/wp\/v2\/pages\/4321\/revisions"}],"wp:attachment":[{"href":"https:\/\/rutapanamaeste-asp-prd001.azurewebsites.net\/en\/wp-json\/wp\/v2\/media?parent=4321"}],"curies":[{"name":"wp","href":"https:\/\/api.w.org\/{rel}","templated":true}]}}